{"id":9,"date":"2015-09-01T16:10:15","date_gmt":"2015-09-01T14:10:15","guid":{"rendered":"http:\/\/www.xn--gstehaus-doris-5hb.at\/?page_id=9"},"modified":"2025-12-30T09:22:28","modified_gmt":"2025-12-30T08:22:28","slug":"home","status":"publish","type":"page","link":"https:\/\/www.xn--gstehaus-doris-5hb.at\/","title":{"rendered":"Home"},"content":{"rendered":"<p>><\/p>\n<h1 style=\"text-align: center;\">Herzlich Willkommen!<\/h1>\n<h4 style=\"text-align: justify;\">Das G\u00e4stehaus wird von mir, Doris Haas, betrieben. Mit viel Liebe zum Detail sind drei Ferienwohnungen eingerichtet, die Platz f\u00fcr jeweils zwei Personen. Die Appartements sind in einem renovierten, typisch burgenl\u00e4ndischen Streckhof untergebracht und haben einen eigenen Zugang \u00fcber die Angergasse.<\/h4><\/p>\n<img decoding=\"async\"  class=\"x-img x-img-none none\"  src=\"https:\/\/www.xn--gstehaus-doris-5hb.at\/wp-content\/uploads\/2015\/09\/sttreckliegen.jpg\" >\n<h4 style=\"text-align: justify;\">Im Streckhof bieten Sonnenliegen, Sonnenschirme und andere Sitzgelegenheiten einen gem\u00fctlichen Aufenthalt. Gerne darf im Au\u00dfenbereich geraucht und auch gegrillt werden. Im Hof, zwischen Wohnhaus und den Ferienwohnungen, sind gro\u00dfz\u00fcgige Parkpl\u00e4tze f\u00fcr Ihren PKW vorhanden. Ebenso gibt es einen \u00fcberdachten Abstellplatz f\u00fcr Fahrr\u00e4der. Haustiere und Kinder sind nicht erlaubt.<\/p>\n<\/h4>\n<img decoding=\"async\"  class=\"x-img x-img-none none\"  src=\"https:\/\/www.xn--gstehaus-doris-5hb.at\/wp-content\/uploads\/2015\/09\/streck5.jpg\" >\n<h4 style=\"text-align: justify;\">Die Ferienwohnungen liegen im Zentrum von Purbach und damit ideal f\u00fcr Ausfl\u00fcge mit dem Rad. Der n\u00e4chste Radweg-Einstieg ist 200m entfernt. &#8222;Hotspots&#8220;&nbsp;der Stadtgemeinde Purbach bishin zur historischen Kellergasse mit den gem\u00fctlichen Heurigenschenken sind wenige Gehminuten entfernt. Das Solarwarmbad ist in f\u00fcnf &nbsp;und der Yachthafen in zehn Gehminuten erreichbar.<\/h4>\n[\/text_output]\n","protected":false},"excerpt":{"rendered":"<p>> Im Streckhof bieten Sonnenliegen, Sonnenschirme und andere Sitzgelegenheiten einen gem\u00fctlichen Aufenthalt. Gerne darf im Au\u00dfenbereich geraucht und auch gegrillt werden. Im Hof, zwischen Wohnhaus und den Ferienwohnungen, sind gro\u00dfz\u00fcgige Parkpl\u00e4tze f\u00fcr Ihren PKW vorhanden. Ebenso gibt es einen \u00fcberdachten Abstellplatz f\u00fcr Fahrr\u00e4der. Haustiere und Kinder sind nicht erlaubt. Die Ferienwohnungen liegen im Zentrum von Purbach und damit ideal f\u00fcr &#8230; <\/p>\n<div><a href=\"https:\/\/www.xn--gstehaus-doris-5hb.at\/\" class=\"more-link\">Read More<\/a><\/div>\n","protected":false},"author":1,"featured_media":0,"parent":0,"menu_order":0,"comment_status":"closed","ping_status":"closed","template":"template-layout-content-sidebar.php","meta":{"footnotes":""},"class_list":["post-9","page","type-page","status-publish","hentry","no-post-thumbnail"],"_links":{"self":[{"href":"https:\/\/www.xn--gstehaus-doris-5hb.at\/index.php?rest_route=\/wp\/v2\/pages\/9","targetHints":{"allow":["GET"]}}],"collection":[{"href":"https:\/\/www.xn--gstehaus-doris-5hb.at\/index.php?rest_route=\/wp\/v2\/pages"}],"about":[{"href":"https:\/\/www.xn--gstehaus-doris-5hb.at\/index.php?rest_route=\/wp\/v2\/types\/page"}],"author":[{"embeddable":true,"href":"https:\/\/www.xn--gstehaus-doris-5hb.at\/index.php?rest_route=\/wp\/v2\/users\/1"}],"replies":[{"embeddable":true,"href":"https:\/\/www.xn--gstehaus-doris-5hb.at\/index.php?rest_route=%2Fwp%2Fv2%2Fcomments&post=9"}],"version-history":[{"count":36,"href":"https:\/\/www.xn--gstehaus-doris-5hb.at\/index.php?rest_route=\/wp\/v2\/pages\/9\/revisions"}],"predecessor-version":[{"id":1818,"href":"https:\/\/www.xn--gstehaus-doris-5hb.at\/index.php?rest_route=\/wp\/v2\/pages\/9\/revisions\/1818"}],"wp:attachment":[{"href":"https:\/\/www.xn--gstehaus-doris-5hb.at\/index.php?rest_route=%2Fwp%2Fv2%2Fmedia&parent=9"}],"curies":[{"name":"wp","href":"https:\/\/api.w.org\/{rel}","templated":true}]}}