{"id":18,"date":"2015-09-01T16:11:02","date_gmt":"2015-09-01T14:11:02","guid":{"rendered":"http:\/\/www.xn--gstehaus-doris-5hb.at\/?page_id=18"},"modified":"2025-12-30T09:30:43","modified_gmt":"2025-12-30T08:30:43","slug":"kontakt","status":"publish","type":"page","link":"https:\/\/www.xn--gstehaus-doris-5hb.at\/?page_id=18","title":{"rendered":"Kontakt"},"content":{"rendered":"<p><!--vcv no format--><!-- vcwb\/dynamicElementComment:b6b93918 --><\/p>\n<div class=\"vce-row-container\" data-vce-boxed-width=\"true\">\n<div id=\"el-b6b93918\" class=\"vce-row vce-row--col-gap-30 vce-row-equal-height vce-row-content--top\" data-vce-do-apply=\"all el-b6b93918\">\n<div class=\"vce-row-content\" data-vce-element-content=\"true\"><!-- vcwb\/dynamicElementComment:1ca673d1 --><\/p>\n<div id=\"el-1ca673d1\" class=\"vce-col vce-col--md-auto vce-col--xs-1 vce-col--xs-last vce-col--xs-first vce-col--sm-last vce-col--sm-first vce-col--md-last vce-col--lg-last vce-col--xl-last vce-col--md-first vce-col--lg-first vce-col--xl-first\">\n<div class=\"vce-col-inner\" data-vce-do-apply=\"border margin background  el-1ca673d1\">\n<div class=\"vce-col-content\" data-vce-element-content=\"true\" data-vce-do-apply=\"padding el-1ca673d1\"><!-- vcwb\/dynamicElementComment:de0c97a9 --><\/p>\n<div class=\"vce-text-block\">\n<div id=\"el-de0c97a9\" class=\"vce-text-block-wrapper vce\" data-vce-do-apply=\"all el-de0c97a9\">\n<h1 style=\"text-align: center;\">Kontakt<\/h1>\n<h4 style=\"text-align: center;\">\n\n<div class=\"scfp-form-content\">\n    <form class=\"scfp-form\" id=\"wcpform_llwfkqgde\"  method=\"post\" action=\"\">\n        <input type=\"hidden\" name=\"form_id\" value=\"wcpform_llwfkqgde\"\/>\n        <input type=\"hidden\" name=\"action\" value=\"scfp-form-submit\"\/>\n            <div class=\"scfp-form-row\">\n                    <label class=\"scfp-form-label\" for=\"scfp-name\">Name <span class=\"scfp-form-field-required\">*<\/span><\/label>\n                \n        <input  class=\"scfp-form-field\" type=\"text\" id=\"scfp-name\" name=\"scfp-name\"  required  value=\"\">\n\n            <\/div>\n    <div class=\"scfp-form-row\">\n                    <label class=\"scfp-form-label\" for=\"scfp-email\">Email <span class=\"scfp-form-field-required\">*<\/span><\/label>\n                \n        <input  class=\"scfp-form-field\" type=\"email\" id=\"scfp-email\" name=\"scfp-email\"  required  value=\"\">\n\n            <\/div>\n    <div class=\"scfp-form-row\">\n                    <label class=\"scfp-form-label\" for=\"scfp-phone\">Telefon<\/label>\n                \n        <input  class=\"scfp-form-field\" type=\"text\" id=\"scfp-phone\" name=\"scfp-phone\"  value=\"\">\n\n            <\/div>\n    <div class=\"scfp-form-row\">\n                    <label class=\"scfp-form-label\" for=\"scfp-subject\">Text <span class=\"scfp-form-field-required\">*<\/span><\/label>\n                \n        <textarea  class=\"scfp-form-field scfp-form-message-field\" id=\"scfp-subject\" name=\"scfp-subject\" required ><\/textarea>        \n        \n                \n    <\/div>\n    <div class=\"scfp-form-row\">\n                    <label class=\"scfp-form-label\" for=\"scfp-captcha\">Captcha <span class=\"scfp-form-field-required\">*<\/span><\/label>\n                    \n        <div class=\"scfp-captcha\">                                \n            <div class=\"scfp-captcha-image\">\n                <div class=\"scfp-captcha-image-wrapper\">\n                    <img decoding=\"async\" src=\"data:image\/png;base64,iVBORw0KGgoAAAANSUhEUgAAAMgAAABGCAIAAAAGgExhAAAACXBIWXMAAA7EAAAOxAGVKw4bAAAAz0lEQVR4nO3SwQ3AIBDAsNL9dz6WIEJC9gR5ZM3MB6f9twN4k7FIGIuEsUgYi4SxSBiLhLFIGIuEsUgYi4SxSBiLhLFIGIuEsUgYi4SxSBiLhLFIGIuEsUgYi4SxSBiLhLFIGIuEsUgYi4SxSBiLhLFIGIuEsUgYi4SxSBiLhLFIGIuEsUgYi4SxSBiLhLFIGIuEsUgYi4SxSBiLhLFIGIuEsUgYi4SxSBiLhLFIGIuEsUgYi4SxSBiLhLFIGIuEsUgYi4SxSBiLhLFIGIvEBsJGA4kCb7UHAAAAAElFTkSuQmCC\" alt=\"\" \/>\n                <\/div>    \n            <\/div>    \n            <div class=\"scfp-captcha-field\">\n                <input  class=\"scfp-form-field\" type=\"text\" id=\"scfp-captcha\" name=\"scfp-captcha\"  required >\n                <a class=\"scfp-captcha-refresh\" data-key=\"captcha\" data-id=\"wcpform_llwfkqgde\" href=\"javascript:void();\">\n                    <div class=\"scfp-captcha-refresh-inner\">\n                        <div class=\"scfp-captcha-refresh-inner-icon\">\n                            <span class=\"scfp-icon-refresh\"><\/span>\n                            <span class=\"scfp-no-styles\">Refresh<\/span>\n                        <\/div>    \n                    <\/div>    \n                <\/a>\n            <\/div>\n            \n                         \n        <\/div>        \n    <\/div>\n        <div class=\"scfp-form-action scfp-form-button-position-center\">\n            <input class=\"scfp-form-submit\" type=\"submit\" value=\"Senden\">\n        <\/div>        \n    <\/form>\n<\/div>\n<\/h4>\n<h4 style=\"text-align: center;\"><span style=\"text-decoration: underline;\"><strong>Adresse:<\/strong><br \/>\n<\/span>Doris Haas<br \/>\nGartengasse 7<br \/>\n7083 Purbach<\/h4>\n<h4 style=\"text-align: center;\"><span style=\"text-decoration: underline;\"><strong>Telefon:<\/strong><br \/>\n<\/span>0664\/88598839<\/h4>\n<h4 style=\"text-align: center;\"><span style=\"text-decoration: underline;\"><strong>e-mail:<\/strong><br \/>\n<\/span>gaestehausdoris.purbach@gmail.com<\/h4>\n<h4 style=\"text-align: center;\">Schicken Sie mir gerne Ihre gew\u00fcnschte Buchung. Bei etwaigen Fragen k\u00f6nnen Sie mich selbstverst\u00e4ndlich kontaktieren. Sie erhalten ein Best\u00e4tigungs-email, wenn Sie die Buchung \u00fcber das Formular abgeschickt haben.<\/h4>\n<\/div>\n<\/div>\n<p><!-- \/vcwb\/dynamicElementComment:de0c97a9 --><\/p>\n<\/div>\n<\/div>\n<\/div>\n<p><!-- \/vcwb\/dynamicElementComment:1ca673d1 --><\/p>\n<\/div>\n<\/div>\n<\/div>\n<p><!-- \/vcwb\/dynamicElementComment:b6b93918 --><!--vcv no format--><\/p>\n","protected":false},"excerpt":{"rendered":"<p>Kontakt Adresse: Doris Haas Gartengasse 7 7083 Purbach Telefon: 0664\/88598839 e-mail: gaestehausdoris.purbach@gmail.com Schicken Sie mir gerne Ihre gew\u00fcnschte Buchung. Bei etwaigen Fragen k\u00f6nnen Sie mich selbstverst\u00e4ndlich kontaktieren. Sie erhalten ein Best\u00e4tigungs-email, wenn Sie die Buchung \u00fcber das Formular abgeschickt haben.<\/p>\n","protected":false},"author":1,"featured_media":0,"parent":0,"menu_order":0,"comment_status":"closed","ping_status":"closed","template":"","meta":{"footnotes":""},"class_list":["post-18","page","type-page","status-publish","hentry","no-post-thumbnail"],"_links":{"self":[{"href":"https:\/\/www.xn--gstehaus-doris-5hb.at\/index.php?rest_route=\/wp\/v2\/pages\/18","targetHints":{"allow":["GET"]}}],"collection":[{"href":"https:\/\/www.xn--gstehaus-doris-5hb.at\/index.php?rest_route=\/wp\/v2\/pages"}],"about":[{"href":"https:\/\/www.xn--gstehaus-doris-5hb.at\/index.php?rest_route=\/wp\/v2\/types\/page"}],"author":[{"embeddable":true,"href":"https:\/\/www.xn--gstehaus-doris-5hb.at\/index.php?rest_route=\/wp\/v2\/users\/1"}],"replies":[{"embeddable":true,"href":"https:\/\/www.xn--gstehaus-doris-5hb.at\/index.php?rest_route=%2Fwp%2Fv2%2Fcomments&post=18"}],"version-history":[{"count":41,"href":"https:\/\/www.xn--gstehaus-doris-5hb.at\/index.php?rest_route=\/wp\/v2\/pages\/18\/revisions"}],"predecessor-version":[{"id":1829,"href":"https:\/\/www.xn--gstehaus-doris-5hb.at\/index.php?rest_route=\/wp\/v2\/pages\/18\/revisions\/1829"}],"wp:attachment":[{"href":"https:\/\/www.xn--gstehaus-doris-5hb.at\/index.php?rest_route=%2Fwp%2Fv2%2Fmedia&parent=18"}],"curies":[{"name":"wp","href":"https:\/\/api.w.org\/{rel}","templated":true}]}}